{"id":49,"date":"2024-05-23T09:20:20","date_gmt":"2024-05-23T09:20:20","guid":{"rendered":"https:\/\/hodel-shlk.ch\/?page_id=49"},"modified":"2024-10-13T15:43:36","modified_gmt":"2024-10-13T15:43:36","slug":"impressum","status":"publish","type":"page","link":"https:\/\/hodel-shlk.ch\/index.php\/impressum\/","title":{"rendered":"Impressum"},"content":{"rendered":"\t\t<div data-elementor-type=\"wp-page\" data-elementor-id=\"49\" class=\"elementor elementor-49\" data-elementor-post-type=\"page\">\n\t\t\t\t<div class=\"elementor-element elementor-element-1b87eee3 elementor-hidden-tablet elementor-hidden-mobile e-flex e-con-boxed e-con e-parent\" data-id=\"1b87eee3\" data-element_type=\"container\" data-e-type=\"container\">\n\t\t\t\t\t<div class=\"e-con-inner\">\n\t\t<div class=\"elementor-element elementor-element-347e9288 e-con-full e-flex e-con e-child\" data-id=\"347e9288\" data-element_type=\"container\" data-e-type=\"container\">\n\t\t\t\t<div class=\"elementor-element elementor-element-2c8d3ee0 elementor-widget elementor-widget-image\" data-id=\"2c8d3ee0\" data-element_type=\"widget\" data-e-type=\"widget\" data-widget_type=\"image.default\">\n\t\t\t\t<div class=\"elementor-widget-container\">\n\t\t\t\t\t\t\t\t\t\t\t\t\t\t\t<img fetchpriority=\"high\" decoding=\"async\" width=\"2560\" height=\"1707\" src=\"https:\/\/hodel-shlk.ch\/wp-content\/uploads\/2024\/10\/Hodel-SHLK-Impressum-2-scaled.jpg\" class=\"attachment-full size-full wp-image-2041\" alt=\"\" srcset=\"https:\/\/hodel-shlk.ch\/wp-content\/uploads\/2024\/10\/Hodel-SHLK-Impressum-2-scaled.jpg 2560w, https:\/\/hodel-shlk.ch\/wp-content\/uploads\/2024\/10\/Hodel-SHLK-Impressum-2-300x200.jpg 300w, https:\/\/hodel-shlk.ch\/wp-content\/uploads\/2024\/10\/Hodel-SHLK-Impressum-2-1024x683.jpg 1024w, https:\/\/hodel-shlk.ch\/wp-content\/uploads\/2024\/10\/Hodel-SHLK-Impressum-2-768x512.jpg 768w, https:\/\/hodel-shlk.ch\/wp-content\/uploads\/2024\/10\/Hodel-SHLK-Impressum-2-1536x1024.jpg 1536w, https:\/\/hodel-shlk.ch\/wp-content\/uploads\/2024\/10\/Hodel-SHLK-Impressum-2-2048x1366.jpg 2048w\" sizes=\"(max-width: 2560px) 100vw, 2560px\" \/>\t\t\t\t\t\t\t\t\t\t\t\t\t\t\t<\/div>\n\t\t\t\t<\/div>\n\t\t\t\t<\/div>\n\t\t\t\t\t<\/div>\n\t\t\t\t<\/div>\n\t\t<div class=\"elementor-element elementor-element-6516026e elementor-hidden-tablet elementor-hidden-mobile e-flex e-con-boxed e-con e-parent\" data-id=\"6516026e\" data-element_type=\"container\" data-e-type=\"container\">\n\t\t\t\t\t<div class=\"e-con-inner\">\n\t\t<div class=\"elementor-element elementor-element-e3bbecc e-con-full e-flex e-con e-child\" data-id=\"e3bbecc\" data-element_type=\"container\" data-e-type=\"container\" data-settings=\"{&quot;background_background&quot;:&quot;classic&quot;}\">\n\t\t\t\t<div class=\"elementor-element elementor-element-4e1b0082 elementor-widget elementor-widget-heading\" data-id=\"4e1b0082\" data-element_type=\"widget\" data-e-type=\"widget\" data-widget_type=\"heading.default\">\n\t\t\t\t<div class=\"elementor-widget-container\">\n\t\t\t\t\t<h1 class=\"elementor-heading-title elementor-size-default\">Hodel SHLK AG<\/h1>\t\t\t\t<\/div>\n\t\t\t\t<\/div>\n\t\t\t\t<div class=\"elementor-element elementor-element-3d4b91d2 elementor-widget elementor-widget-text-editor\" data-id=\"3d4b91d2\" data-element_type=\"widget\" data-e-type=\"widget\" data-widget_type=\"text-editor.default\">\n\t\t\t\t<div class=\"elementor-widget-container\">\n\t\t\t\t\t\t\t\t\t<h3>Hochdorf, Schweiz<\/h3>\t\t\t\t\t\t\t\t<\/div>\n\t\t\t\t<\/div>\n\t\t\t\t<\/div>\n\t\t<div class=\"elementor-element elementor-element-30c3b4e9 e-con-full e-flex e-con e-child\" data-id=\"30c3b4e9\" data-element_type=\"container\" data-e-type=\"container\">\n\t\t\t\t<\/div>\n\t\t\t\t\t<\/div>\n\t\t\t\t<\/div>\n\t\t<div class=\"elementor-element elementor-element-6c0c2160 elementor-hidden-tablet elementor-hidden-mobile e-flex e-con-boxed e-con e-parent\" data-id=\"6c0c2160\" data-element_type=\"container\" data-e-type=\"container\">\n\t\t\t\t\t<div class=\"e-con-inner\">\n\t\t<div class=\"elementor-element elementor-element-1aaeea92 e-con-full e-flex e-con e-child\" data-id=\"1aaeea92\" data-element_type=\"container\" data-e-type=\"container\" data-settings=\"{&quot;background_background&quot;:&quot;classic&quot;}\">\n\t\t\t\t<div class=\"elementor-element elementor-element-f060bb3 elementor-widget elementor-widget-text-editor\" data-id=\"f060bb3\" data-element_type=\"widget\" data-e-type=\"widget\" data-widget_type=\"text-editor.default\">\n\t\t\t\t<div class=\"elementor-widget-container\">\n\t\t\t\t\t\t\t\t\t<p>Firma: Hodel SHLK AG<br \/>Vertreten durch: J\u00f6rg Hodel<br \/>Adresse: Turbiweg 8, 6280 Hochdorf<br \/>Telefon: 041 914 92 00<br \/>E-Mail: info@hodel-shlk.ch<br \/>Umsatzsteuer-ID:\u00a0<span style=\"font-family: Arial, Helvetica, sans-serif; font-size: 14px; font-weight: 600; text-align: justify;\">CHE-189.603.525.MWST<\/span><br \/>Handelsregister:\u00a0<span style=\"font-family: Arial, Helvetica, sans-serif; font-size: 14px; font-weight: 600; text-align: justify;\">CHE-189.603.525<\/span><br \/>Haftungshinweis:<br \/>Trotz sorgf\u00e4ltiger inhaltlicher Kontrolle \u00fcbernehmen wir keine Haftung f\u00fcr die Inhalte externer Links. F\u00fcr den Inhalt der verlinkten Seiten sind ausschlie\u00dflich deren Betreiber verantwortlich.<\/p>\t\t\t\t\t\t\t\t<\/div>\n\t\t\t\t<\/div>\n\t\t\t\t<\/div>\n\t\t<div class=\"elementor-element elementor-element-1fc359ae e-con-full e-flex e-con e-child\" data-id=\"1fc359ae\" data-element_type=\"container\" data-e-type=\"container\">\n\t\t\t\t<\/div>\n\t\t\t\t\t<\/div>\n\t\t\t\t<\/div>\n\t\t<div class=\"elementor-element elementor-element-708b20c3 elementor-hidden-desktop elementor-hidden-mobile e-flex e-con-boxed e-con e-parent\" data-id=\"708b20c3\" data-element_type=\"container\" data-e-type=\"container\">\n\t\t\t\t\t<div class=\"e-con-inner\">\n\t\t\t\t<div class=\"elementor-element elementor-element-16f9e653 elementor-widget elementor-widget-image\" data-id=\"16f9e653\" data-element_type=\"widget\" data-e-type=\"widget\" data-widget_type=\"image.default\">\n\t\t\t\t<div class=\"elementor-widget-container\">\n\t\t\t\t\t\t\t\t\t\t\t\t\t\t\t<img decoding=\"async\" width=\"800\" height=\"534\" src=\"https:\/\/hodel-shlk.ch\/wp-content\/uploads\/2024\/10\/Hodel-SHLK-Impressum-2-1024x683.jpg\" class=\"attachment-large size-large wp-image-2041\" alt=\"\" srcset=\"https:\/\/hodel-shlk.ch\/wp-content\/uploads\/2024\/10\/Hodel-SHLK-Impressum-2-1024x683.jpg 1024w, https:\/\/hodel-shlk.ch\/wp-content\/uploads\/2024\/10\/Hodel-SHLK-Impressum-2-300x200.jpg 300w, https:\/\/hodel-shlk.ch\/wp-content\/uploads\/2024\/10\/Hodel-SHLK-Impressum-2-768x512.jpg 768w, https:\/\/hodel-shlk.ch\/wp-content\/uploads\/2024\/10\/Hodel-SHLK-Impressum-2-1536x1024.jpg 1536w, https:\/\/hodel-shlk.ch\/wp-content\/uploads\/2024\/10\/Hodel-SHLK-Impressum-2-2048x1366.jpg 2048w\" sizes=\"(max-width: 800px) 100vw, 800px\" \/>\t\t\t\t\t\t\t\t\t\t\t\t\t\t\t<\/div>\n\t\t\t\t<\/div>\n\t\t\t\t\t<\/div>\n\t\t\t\t<\/div>\n\t\t<div class=\"elementor-element elementor-element-25fb596c elementor-hidden-mobile elementor-hidden-desktop e-flex e-con-boxed e-con e-parent\" data-id=\"25fb596c\" data-element_type=\"container\" data-e-type=\"container\">\n\t\t\t\t\t<div class=\"e-con-inner\">\n\t\t<div class=\"elementor-element elementor-element-226597c e-con-full e-flex e-con e-child\" data-id=\"226597c\" data-element_type=\"container\" data-e-type=\"container\" data-settings=\"{&quot;background_background&quot;:&quot;classic&quot;}\">\n\t\t\t\t<div class=\"elementor-element elementor-element-75930a21 elementor-widget elementor-widget-heading\" data-id=\"75930a21\" data-element_type=\"widget\" data-e-type=\"widget\" data-widget_type=\"heading.default\">\n\t\t\t\t<div class=\"elementor-widget-container\">\n\t\t\t\t\t<h2 class=\"elementor-heading-title elementor-size-default\">Hodel SHKL AG<\/h2>\t\t\t\t<\/div>\n\t\t\t\t<\/div>\n\t\t\t\t<\/div>\n\t\t<div class=\"elementor-element elementor-element-4600e17f e-con-full e-flex e-con e-child\" data-id=\"4600e17f\" data-element_type=\"container\" data-e-type=\"container\">\n\t\t\t\t<\/div>\n\t\t\t\t\t<\/div>\n\t\t\t\t<\/div>\n\t\t<div class=\"elementor-element elementor-element-71e8b624 elementor-hidden-desktop elementor-hidden-mobile e-flex e-con-boxed e-con e-parent\" data-id=\"71e8b624\" data-element_type=\"container\" data-e-type=\"container\">\n\t\t\t\t\t<div class=\"e-con-inner\">\n\t\t\t\t<div class=\"elementor-element elementor-element-25dcc471 elementor-widget elementor-widget-text-editor\" data-id=\"25dcc471\" data-element_type=\"widget\" data-e-type=\"widget\" data-widget_type=\"text-editor.default\">\n\t\t\t\t<div class=\"elementor-widget-container\">\n\t\t\t\t\t\t\t\t\t<h3>Hochdorf, Schweiz<\/h3>\t\t\t\t\t\t\t\t<\/div>\n\t\t\t\t<\/div>\n\t\t\t\t\t<\/div>\n\t\t\t\t<\/div>\n\t\t<div class=\"elementor-element elementor-element-ca6a380 elementor-hidden-mobile elementor-hidden-desktop e-flex e-con-boxed e-con e-parent\" data-id=\"ca6a380\" data-element_type=\"container\" data-e-type=\"container\">\n\t\t\t\t\t<div class=\"e-con-inner\">\n\t\t<div class=\"elementor-element elementor-element-90145ac e-con-full e-flex e-con e-child\" data-id=\"90145ac\" data-element_type=\"container\" data-e-type=\"container\" data-settings=\"{&quot;background_background&quot;:&quot;classic&quot;}\">\n\t\t\t\t<div class=\"elementor-element elementor-element-486d9a2 elementor-widget elementor-widget-text-editor\" data-id=\"486d9a2\" data-element_type=\"widget\" data-e-type=\"widget\" data-widget_type=\"text-editor.default\">\n\t\t\t\t<div class=\"elementor-widget-container\">\n\t\t\t\t\t\t\t\t\t<p>Firma: Hodel SHLK AG<br \/>Vertreten durch: J\u00f6rg Hodel<br \/>Adresse: Turbiweg 8, 6280 Hochdorf<br \/>Telefon: 041 914 92 00<br \/>E-Mail: info@hodel-shlk.ch<br \/>Umsatzsteuer-ID:\u00a0<span style=\"font-family: Arial, Helvetica, sans-serif; font-size: 14px; font-weight: 600; text-align: justify;\">CHE-189.603.525.MWST<\/span><br \/>Handelsregister:\u00a0<span style=\"font-family: Arial, Helvetica, sans-serif; font-size: 14px; font-weight: 600; text-align: justify;\">CHE-189.603.525<\/span><br \/>Haftungshinweis:<br \/>Trotz sorgf\u00e4ltiger inhaltlicher Kontrolle \u00fcbernehmen wir keine Haftung f\u00fcr die Inhalte externer Links. F\u00fcr den Inhalt der verlinkten Seiten sind ausschlie\u00dflich deren Betreiber verantwortlich.<\/p>\t\t\t\t\t\t\t\t<\/div>\n\t\t\t\t<\/div>\n\t\t\t\t<\/div>\n\t\t<div class=\"elementor-element elementor-element-67f4337 e-con-full e-flex e-con e-child\" data-id=\"67f4337\" data-element_type=\"container\" data-e-type=\"container\">\n\t\t\t\t<\/div>\n\t\t\t\t\t<\/div>\n\t\t\t\t<\/div>\n\t\t<div class=\"elementor-element elementor-element-4bf48083 elementor-hidden-desktop elementor-hidden-tablet e-flex e-con-boxed e-con e-parent\" data-id=\"4bf48083\" data-element_type=\"container\" data-e-type=\"container\" data-settings=\"{&quot;background_background&quot;:&quot;classic&quot;}\">\n\t\t\t\t\t<div class=\"e-con-inner\">\n\t\t<div class=\"elementor-element elementor-element-2af9d74c e-con-full e-flex e-con e-child\" data-id=\"2af9d74c\" data-element_type=\"container\" data-e-type=\"container\">\n\t\t\t\t<div class=\"elementor-element elementor-element-1e5714e5 elementor-widget elementor-widget-image\" data-id=\"1e5714e5\" data-element_type=\"widget\" data-e-type=\"widget\" data-widget_type=\"image.default\">\n\t\t\t\t<div class=\"elementor-widget-container\">\n\t\t\t\t\t\t\t\t\t\t\t\t\t\t\t<img fetchpriority=\"high\" decoding=\"async\" width=\"2560\" height=\"1707\" src=\"https:\/\/hodel-shlk.ch\/wp-content\/uploads\/2024\/10\/Hodel-SHLK-Impressum-2-scaled.jpg\" class=\"attachment-full size-full wp-image-2041\" alt=\"\" srcset=\"https:\/\/hodel-shlk.ch\/wp-content\/uploads\/2024\/10\/Hodel-SHLK-Impressum-2-scaled.jpg 2560w, https:\/\/hodel-shlk.ch\/wp-content\/uploads\/2024\/10\/Hodel-SHLK-Impressum-2-300x200.jpg 300w, https:\/\/hodel-shlk.ch\/wp-content\/uploads\/2024\/10\/Hodel-SHLK-Impressum-2-1024x683.jpg 1024w, https:\/\/hodel-shlk.ch\/wp-content\/uploads\/2024\/10\/Hodel-SHLK-Impressum-2-768x512.jpg 768w, https:\/\/hodel-shlk.ch\/wp-content\/uploads\/2024\/10\/Hodel-SHLK-Impressum-2-1536x1024.jpg 1536w, https:\/\/hodel-shlk.ch\/wp-content\/uploads\/2024\/10\/Hodel-SHLK-Impressum-2-2048x1366.jpg 2048w\" sizes=\"(max-width: 2560px) 100vw, 2560px\" \/>\t\t\t\t\t\t\t\t\t\t\t\t\t\t\t<\/div>\n\t\t\t\t<\/div>\n\t\t\t\t<\/div>\n\t\t\t\t\t<\/div>\n\t\t\t\t<\/div>\n\t\t<div class=\"elementor-element elementor-element-34fdf0f2 elementor-hidden-desktop elementor-hidden-tablet e-flex e-con-boxed e-con e-parent\" data-id=\"34fdf0f2\" data-element_type=\"container\" data-e-type=\"container\">\n\t\t\t\t\t<div class=\"e-con-inner\">\n\t\t\t\t<div class=\"elementor-element elementor-element-188aa4bc elementor-widget elementor-widget-heading\" data-id=\"188aa4bc\" data-element_type=\"widget\" data-e-type=\"widget\" data-widget_type=\"heading.default\">\n\t\t\t\t<div class=\"elementor-widget-container\">\n\t\t\t\t\t<h1 class=\"elementor-heading-title elementor-size-default\">Hodel SHLK  AG<\/h1>\t\t\t\t<\/div>\n\t\t\t\t<\/div>\n\t\t\t\t<div class=\"elementor-element elementor-element-fb7a9d6 elementor-widget elementor-widget-text-editor\" data-id=\"fb7a9d6\" data-element_type=\"widget\" data-e-type=\"widget\" data-widget_type=\"text-editor.default\">\n\t\t\t\t<div class=\"elementor-widget-container\">\n\t\t\t\t\t\t\t\t\t<h3>Hochdorf, Schweiz<\/h3>\t\t\t\t\t\t\t\t<\/div>\n\t\t\t\t<\/div>\n\t\t\t\t\t<\/div>\n\t\t\t\t<\/div>\n\t\t<div class=\"elementor-element elementor-element-742af0a elementor-hidden-tablet elementor-hidden-desktop e-flex e-con-boxed e-con e-parent\" data-id=\"742af0a\" data-element_type=\"container\" data-e-type=\"container\">\n\t\t\t\t\t<div class=\"e-con-inner\">\n\t\t<div class=\"elementor-element elementor-element-189babe e-con-full e-flex e-con e-child\" data-id=\"189babe\" data-element_type=\"container\" data-e-type=\"container\" data-settings=\"{&quot;background_background&quot;:&quot;classic&quot;}\">\n\t\t\t\t<div class=\"elementor-element elementor-element-d933436 elementor-widget elementor-widget-text-editor\" data-id=\"d933436\" data-element_type=\"widget\" data-e-type=\"widget\" data-widget_type=\"text-editor.default\">\n\t\t\t\t<div class=\"elementor-widget-container\">\n\t\t\t\t\t\t\t\t\t<p>Firma: Hodel SHLK AG<br \/>Vertreten durch: J\u00f6rg Hodel<br \/>Adresse: Turbiweg 8, 6280 Hochdorf<br \/>Telefon: 041 914 92 00<br \/>E-Mail: info@hodel-shlk.ch<br \/>Umsatzsteuer-ID:\u00a0<span style=\"font-family: Arial, Helvetica, sans-serif; font-size: 14px; font-weight: 600; text-align: justify;\">CHE-189.603.525.MWST<\/span><br \/>Handelsregister:\u00a0<span style=\"font-family: Arial, Helvetica, sans-serif; font-size: 14px; font-weight: 600; text-align: justify;\">CHE-189.603.525<\/span><br \/>Haftungshinweis:<br \/>Trotz sorgf\u00e4ltiger inhaltlicher Kontrolle \u00fcbernehmen wir keine Haftung f\u00fcr die Inhalte externer Links. F\u00fcr den Inhalt der verlinkten Seiten sind ausschlie\u00dflich deren Betreiber verantwortlich.<\/p>\t\t\t\t\t\t\t\t<\/div>\n\t\t\t\t<\/div>\n\t\t\t\t<\/div>\n\t\t<div class=\"elementor-element elementor-element-120879a e-con-full e-flex e-con e-child\" data-id=\"120879a\" data-element_type=\"container\" data-e-type=\"container\">\n\t\t\t\t<\/div>\n\t\t\t\t\t<\/div>\n\t\t\t\t<\/div>\n\t\t\t\t<\/div>\n\t\t","protected":false},"excerpt":{"rendered":"<p>Hodel SHLK AG Hochdorf, Schweiz Firma: Hodel SHLK AGVertreten durch: J\u00f6rg HodelAdresse: Turbiweg 8, 6280 HochdorfTelefon: 041 914 92 00E-Mail: info@hodel-shlk.chUmsatzsteuer-ID:\u00a0CHE-189.603.525.MWSTHandelsregister:\u00a0CHE-189.603.525Haftungshinweis:Trotz sorgf\u00e4ltiger inhaltlicher Kontrolle \u00fcbernehmen wir keine Haftung f\u00fcr die Inhalte externer Links. F\u00fcr den Inhalt der verlinkten Seiten sind ausschlie\u00dflich deren Betreiber verantwortlich. Hodel SHKL AG Hochdorf, Schweiz Firma: Hodel SHLK AGVertreten durch: J\u00f6rg [&hellip;]<\/p>\n","protected":false},"author":1,"featured_media":0,"parent":0,"menu_order":0,"comment_status":"closed","ping_status":"closed","template":"","meta":{"footnotes":""},"class_list":["post-49","page","type-page","status-publish","hentry"],"_links":{"self":[{"href":"https:\/\/hodel-shlk.ch\/index.php\/wp-json\/wp\/v2\/pages\/49","targetHints":{"allow":["GET"]}}],"collection":[{"href":"https:\/\/hodel-shlk.ch\/index.php\/wp-json\/wp\/v2\/pages"}],"about":[{"href":"https:\/\/hodel-shlk.ch\/index.php\/wp-json\/wp\/v2\/types\/page"}],"author":[{"embeddable":true,"href":"https:\/\/hodel-shlk.ch\/index.php\/wp-json\/wp\/v2\/users\/1"}],"replies":[{"embeddable":true,"href":"https:\/\/hodel-shlk.ch\/index.php\/wp-json\/wp\/v2\/comments?post=49"}],"version-history":[{"count":16,"href":"https:\/\/hodel-shlk.ch\/index.php\/wp-json\/wp\/v2\/pages\/49\/revisions"}],"predecessor-version":[{"id":2049,"href":"https:\/\/hodel-shlk.ch\/index.php\/wp-json\/wp\/v2\/pages\/49\/revisions\/2049"}],"wp:attachment":[{"href":"https:\/\/hodel-shlk.ch\/index.php\/wp-json\/wp\/v2\/media?parent=49"}],"curies":[{"name":"wp","href":"https:\/\/api.w.org\/{rel}","templated":true}]}}